{"id":8081,"date":"2016-05-06T11:08:34","date_gmt":"2016-05-06T11:08:34","guid":{"rendered":"http:\/\/localhost\/estetis-clinic.ro\/?page_id=8081"},"modified":"2025-10-13T16:13:37","modified_gmt":"2025-10-13T14:13:37","slug":"proceduri","status":"publish","type":"page","link":"https:\/\/www.estetis-clinic.ro\/en\/proceduri\/","title":{"rendered":"Procedures"},"content":{"rendered":"<div class=\"vc_row wpb_row vc_row-fluid\"><div class=\"wpb_column vc_column_container vc_col-sm-12\"><div class=\"vc_column-inner\"><div class=\"wpb_wrapper\"><div class=\"vc_row wpb_row vc_inner vc_row-fluid\"><div class=\"wpb_column vc_column_container vc_col-sm-3\"><div class=\"vc_column-inner\"><div class=\"wpb_wrapper\"><div class='dt-sc-icon-box type10'><div class=\"icon-wrapper\"><a href='https:\/\/www.estetis-clinic.ro\/en\/operatie\/rinoplastie\/' title='Rhinoplasty' target='_self'><img loading=\"lazy\" decoding=\"async\" width=\"800\" height=\"800\" src=\"https:\/\/www.estetis-clinic.ro\/wp-content\/uploads\/2018\/10\/operatie-la-nas--e1740308778863.jpg\" class=\"attachment-full\" alt=\"T\u00e2n\u0103r\u0103 ating\u00e2ndu-\u0219i v\u00e2rful nasului cu degetul.\" srcset=\"https:\/\/www.estetis-clinic.ro\/wp-content\/uploads\/2018\/10\/operatie-la-nas--e1740308778863.jpg 800w, https:\/\/www.estetis-clinic.ro\/wp-content\/uploads\/2018\/10\/operatie-la-nas--e1740308778863-300x300.jpg 300w, https:\/\/www.estetis-clinic.ro\/wp-content\/uploads\/2018\/10\/operatie-la-nas--e1740308778863-150x150.jpg 150w, https:\/\/www.estetis-clinic.ro\/wp-content\/uploads\/2018\/10\/operatie-la-nas--e1740308778863-768x768.jpg 768w, https:\/\/www.estetis-clinic.ro\/wp-content\/uploads\/2018\/10\/operatie-la-nas--e1740308778863-12x12.jpg 12w\" sizes=\"(max-width: 800px) 100vw, 800px\" \/><\/a><\/div><div class=\"icon-content\"><h4><a href='https:\/\/www.estetis-clinic.ro\/en\/operatie\/rinoplastie\/' title='Rhinoplasty' target='_self'>Rhinoplasty<\/a><\/h4><p class=\" translation-block\">Stages of nose surgery, benefits and prices. Aesthetic nose surgeries, symmetrization, deviated septum, nose thinning and reduction.<\/p><\/div><\/div><\/div><\/div><\/div><div class=\"wpb_column vc_column_container vc_col-sm-3\"><div class=\"vc_column-inner\"><div class=\"wpb_wrapper\"><div class='dt-sc-icon-box type10'><div class=\"icon-wrapper\"><a href='https:\/\/www.estetis-clinic.ro\/en\/operatie\/marirea-sanilor\/' title='Breast enlargement' target='_self'><img loading=\"lazy\" decoding=\"async\" width=\"800\" height=\"800\" src=\"https:\/\/www.estetis-clinic.ro\/wp-content\/uploads\/2016\/05\/operatie-de-marire-a-sanilor-si-implanturi-mamare--e1740308760533.jpg\" class=\"attachment-full\" alt=\"Femeie tinand in mana un implant mamar cu silicon.\" srcset=\"https:\/\/www.estetis-clinic.ro\/wp-content\/uploads\/2016\/05\/operatie-de-marire-a-sanilor-si-implanturi-mamare--e1740308760533.jpg 800w, https:\/\/www.estetis-clinic.ro\/wp-content\/uploads\/2016\/05\/operatie-de-marire-a-sanilor-si-implanturi-mamare--e1740308760533-300x300.jpg 300w, https:\/\/www.estetis-clinic.ro\/wp-content\/uploads\/2016\/05\/operatie-de-marire-a-sanilor-si-implanturi-mamare--e1740308760533-150x150.jpg 150w, https:\/\/www.estetis-clinic.ro\/wp-content\/uploads\/2016\/05\/operatie-de-marire-a-sanilor-si-implanturi-mamare--e1740308760533-768x768.jpg 768w, https:\/\/www.estetis-clinic.ro\/wp-content\/uploads\/2016\/05\/operatie-de-marire-a-sanilor-si-implanturi-mamare--e1740308760533-12x12.jpg 12w\" sizes=\"(max-width: 800px) 100vw, 800px\" \/><\/a><\/div><div class=\"icon-content\"><h4><a href='https:\/\/www.estetis-clinic.ro\/en\/operatie\/marirea-sanilor\/' title='Breast enlargement' target='_self'>Breast enlargement<\/a><\/h4><p class=\" translation-block\">Breast augmentation with breast implant through the armpit (under the arm - no breast scars) or through the submammary groove.<\/p><\/div><\/div><\/div><\/div><\/div><div class=\"wpb_column vc_column_container vc_col-sm-3\"><div class=\"vc_column-inner\"><div class=\"wpb_wrapper\"><div class='dt-sc-icon-box type10'><div class=\"icon-wrapper\"><a href='https:\/\/www.estetis-clinic.ro\/en\/operatie\/ridicare-sani\/' title='Breast lift' target='_self'><img loading=\"lazy\" decoding=\"async\" width=\"800\" height=\"800\" src=\"https:\/\/www.estetis-clinic.ro\/wp-content\/uploads\/2016\/05\/ridicare-sani--e1740308728303.jpg\" class=\"attachment-full\" alt=\"Femeie \u00een sutien negru ridic\u00e2ndu-\u0219i s\u00e2nii.\" srcset=\"https:\/\/www.estetis-clinic.ro\/wp-content\/uploads\/2016\/05\/ridicare-sani--e1740308728303.jpg 800w, https:\/\/www.estetis-clinic.ro\/wp-content\/uploads\/2016\/05\/ridicare-sani--e1740308728303-300x300.jpg 300w, https:\/\/www.estetis-clinic.ro\/wp-content\/uploads\/2016\/05\/ridicare-sani--e1740308728303-150x150.jpg 150w, https:\/\/www.estetis-clinic.ro\/wp-content\/uploads\/2016\/05\/ridicare-sani--e1740308728303-768x768.jpg 768w, https:\/\/www.estetis-clinic.ro\/wp-content\/uploads\/2016\/05\/ridicare-sani--e1740308728303-12x12.jpg 12w\" sizes=\"(max-width: 800px) 100vw, 800px\" \/><\/a><\/div><div class=\"icon-content\"><h4><a href='https:\/\/www.estetis-clinic.ro\/en\/operatie\/ridicare-sani\/' title='Breast lift' target='_self'>Breast lift<\/a><\/h4><p class=\" translation-block\">Breast lift (mastopexy), with breast reduction or augmentation. Reconstruction of overly large breasts, ptosis, symmetrization, tuberous breast.<\/p><\/div><\/div><\/div><\/div><\/div><div class=\"wpb_column vc_column_container vc_col-sm-3\"><div class=\"vc_column-inner\"><div class=\"wpb_wrapper\"><div class='dt-sc-icon-box type10'><div class=\"icon-wrapper\"><a href='https:\/\/www.estetis-clinic.ro\/en\/operatie\/micsorare-sani\/' title='Breast reduction' target='_self'><img loading=\"lazy\" decoding=\"async\" width=\"800\" height=\"800\" src=\"https:\/\/www.estetis-clinic.ro\/wp-content\/uploads\/2025\/03\/operatia-de-reductie-mamara-e1742289243506.jpg\" class=\"attachment-full\" alt=\"\" srcset=\"https:\/\/www.estetis-clinic.ro\/wp-content\/uploads\/2025\/03\/operatia-de-reductie-mamara-e1742289243506.jpg 800w, https:\/\/www.estetis-clinic.ro\/wp-content\/uploads\/2025\/03\/operatia-de-reductie-mamara-e1742289243506-300x300.jpg 300w, https:\/\/www.estetis-clinic.ro\/wp-content\/uploads\/2025\/03\/operatia-de-reductie-mamara-e1742289243506-150x150.jpg 150w, https:\/\/www.estetis-clinic.ro\/wp-content\/uploads\/2025\/03\/operatia-de-reductie-mamara-e1742289243506-768x768.jpg 768w, https:\/\/www.estetis-clinic.ro\/wp-content\/uploads\/2025\/03\/operatia-de-reductie-mamara-e1742289243506-12x12.jpg 12w\" sizes=\"(max-width: 800px) 100vw, 800px\" \/><\/a><\/div><div class=\"icon-content\"><h4><a href='https:\/\/www.estetis-clinic.ro\/en\/operatie\/micsorare-sani\/' title='Breast reduction' target='_self'>Breast reduction<\/a><\/h4><p class=\" translation-block\">Breast reduction, also known as reduction mammoplasty, is a surgical procedure to reduce the size of the bust.<\/p><\/div><\/div><\/div><\/div><\/div><\/div><div class=\"vc_row wpb_row vc_inner vc_row-fluid\"><div class=\"wpb_column vc_column_container vc_col-sm-3\"><div class=\"vc_column-inner\"><div class=\"wpb_wrapper\"><div class='dt-sc-icon-box type10'><div class=\"icon-wrapper\"><a href='https:\/\/www.estetis-clinic.ro\/en\/operatie\/ginecomastie\/' title='' target='_self'><img loading=\"lazy\" decoding=\"async\" width=\"245\" height=\"250\" src=\"https:\/\/www.estetis-clinic.ro\/wp-content\/uploads\/2025\/10\/man_football.jpg\" class=\"attachment-full\" alt=\"\" srcset=\"https:\/\/www.estetis-clinic.ro\/wp-content\/uploads\/2025\/10\/man_football.jpg 245w, https:\/\/www.estetis-clinic.ro\/wp-content\/uploads\/2025\/10\/man_football-12x12.jpg 12w\" sizes=\"(max-width: 245px) 100vw, 245px\" \/><\/a><\/div><div class=\"icon-content\"><h4><a href='https:\/\/www.estetis-clinic.ro\/en\/operatie\/ginecomastie\/' title='' target='_self'>Ginecomasty<\/a><\/h4><p class=\" translation-block\">Men <strong>Ginecomasty<\/strong>. Causes and solutions.<\/p><\/div><\/div><\/div><\/div><\/div><div class=\"wpb_column vc_column_container vc_col-sm-3\"><div class=\"vc_column-inner\"><div class=\"wpb_wrapper\"><div class='dt-sc-icon-box type10'><div class=\"icon-wrapper\"><a href='https:\/\/www.estetis-clinic.ro\/en\/operatie\/lifting-facial-blefaroplastie-otoplastie\/' title='' target='_self'><img loading=\"lazy\" decoding=\"async\" width=\"800\" height=\"800\" src=\"https:\/\/www.estetis-clinic.ro\/wp-content\/uploads\/2018\/10\/lifting-facial--e1742294181914.jpg\" class=\"attachment-full\" alt=\"Pacient\u0103 \u00eenainte de o procedur\u0103 de lifting facial.\" srcset=\"https:\/\/www.estetis-clinic.ro\/wp-content\/uploads\/2018\/10\/lifting-facial--e1742294181914.jpg 800w, https:\/\/www.estetis-clinic.ro\/wp-content\/uploads\/2018\/10\/lifting-facial--e1742294181914-300x300.jpg 300w, https:\/\/www.estetis-clinic.ro\/wp-content\/uploads\/2018\/10\/lifting-facial--e1742294181914-150x150.jpg 150w, https:\/\/www.estetis-clinic.ro\/wp-content\/uploads\/2018\/10\/lifting-facial--e1742294181914-768x768.jpg 768w, https:\/\/www.estetis-clinic.ro\/wp-content\/uploads\/2018\/10\/lifting-facial--e1742294181914-12x12.jpg 12w\" sizes=\"(max-width: 800px) 100vw, 800px\" \/><\/a><\/div><div class=\"icon-content\"><h4><a href='https:\/\/www.estetis-clinic.ro\/en\/operatie\/lifting-facial-blefaroplastie-otoplastie\/' title='' target='_self'>Facelift<\/a><\/h4><p class=\" translation-block\">Improving the appearance of the face and neck. Details and prices.<\/p><\/div><\/div><\/div><\/div><\/div><div class=\"wpb_column vc_column_container vc_col-sm-3\"><div class=\"vc_column-inner\"><div class=\"wpb_wrapper\"><div class='dt-sc-icon-box type10'><div class=\"icon-wrapper\"><a href='https:\/\/www.estetis-clinic.ro\/en\/operatie\/blefaropastie\/' title='' target='_self'><img loading=\"lazy\" decoding=\"async\" width=\"800\" height=\"800\" src=\"https:\/\/www.estetis-clinic.ro\/wp-content\/uploads\/2025\/03\/blefaroplastie-e1742460986746.jpg\" class=\"attachment-full\" alt=\"Prim-plan ochi t\u00e2n\u0103r\u0103 cu marcaje pentru blefaroplastie.\" srcset=\"https:\/\/www.estetis-clinic.ro\/wp-content\/uploads\/2025\/03\/blefaroplastie-e1742460986746.jpg 800w, https:\/\/www.estetis-clinic.ro\/wp-content\/uploads\/2025\/03\/blefaroplastie-e1742460986746-300x300.jpg 300w, https:\/\/www.estetis-clinic.ro\/wp-content\/uploads\/2025\/03\/blefaroplastie-e1742460986746-150x150.jpg 150w, https:\/\/www.estetis-clinic.ro\/wp-content\/uploads\/2025\/03\/blefaroplastie-e1742460986746-768x768.jpg 768w, https:\/\/www.estetis-clinic.ro\/wp-content\/uploads\/2025\/03\/blefaroplastie-e1742460986746-12x12.jpg 12w\" sizes=\"(max-width: 800px) 100vw, 800px\" \/><\/a><\/div><div class=\"icon-content\"><h4><a href='https:\/\/www.estetis-clinic.ro\/en\/operatie\/blefaropastie\/' title='' target='_self'>Blepharoplasty<\/a><\/h4><p class=\" translation-block\">Surgery for drooping eyelids or bags under the eyes.<\/p><\/div><\/div><\/div><\/div><\/div><div class=\"wpb_column vc_column_container vc_col-sm-3\"><div class=\"vc_column-inner\"><div class=\"wpb_wrapper\"><div class='dt-sc-icon-box type10'><div class=\"icon-wrapper\"><a href='https:\/\/www.estetis-clinic.ro\/en\/operatie\/otoplastia\/' title='' target='_self'><img loading=\"lazy\" decoding=\"async\" width=\"800\" height=\"800\" src=\"https:\/\/www.estetis-clinic.ro\/wp-content\/uploads\/2025\/03\/otoplastie-e1742287200722.jpg\" class=\"attachment-full\" alt=\"Copil cu urechi cl\u0103p\u0103uge sau decolate\u00a0\" srcset=\"https:\/\/www.estetis-clinic.ro\/wp-content\/uploads\/2025\/03\/otoplastie-e1742287200722.jpg 800w, https:\/\/www.estetis-clinic.ro\/wp-content\/uploads\/2025\/03\/otoplastie-e1742287200722-300x300.jpg 300w, https:\/\/www.estetis-clinic.ro\/wp-content\/uploads\/2025\/03\/otoplastie-e1742287200722-150x150.jpg 150w, https:\/\/www.estetis-clinic.ro\/wp-content\/uploads\/2025\/03\/otoplastie-e1742287200722-768x768.jpg 768w, https:\/\/www.estetis-clinic.ro\/wp-content\/uploads\/2025\/03\/otoplastie-e1742287200722-12x12.jpg 12w\" sizes=\"(max-width: 800px) 100vw, 800px\" \/><\/a><\/div><div class=\"icon-content\"><h4><a href='https:\/\/www.estetis-clinic.ro\/en\/operatie\/otoplastia\/' title='' target='_self'>Otoplasty<\/a><\/h4><p class=\" translation-block\">Ear surgery for floppy or protruding ears<\/p><\/div><\/div><\/div><\/div><\/div><\/div><div class=\"vc_row wpb_row vc_inner vc_row-fluid\"><div class=\"wpb_column vc_column_container vc_col-sm-3\"><div class=\"vc_column-inner\"><div class=\"wpb_wrapper\"><div class='dt-sc-icon-box type10'><div class=\"icon-wrapper\"><a href='https:\/\/www.estetis-clinic.ro\/en\/operatie\/chirurgia-siluetei\/' title='' target='_self'><img loading=\"lazy\" decoding=\"async\" width=\"800\" height=\"800\" src=\"https:\/\/www.estetis-clinic.ro\/wp-content\/uploads\/2018\/10\/chirurgia-siluetei--e1742293126289.jpg\" class=\"attachment-full\" alt=\"Imagine ilustrativa pentru chirurgia siluetei, pacienta cu desen in zona abdomenului si coapselor.\" srcset=\"https:\/\/www.estetis-clinic.ro\/wp-content\/uploads\/2018\/10\/chirurgia-siluetei--e1742293126289.jpg 800w, https:\/\/www.estetis-clinic.ro\/wp-content\/uploads\/2018\/10\/chirurgia-siluetei--e1742293126289-300x300.jpg 300w, https:\/\/www.estetis-clinic.ro\/wp-content\/uploads\/2018\/10\/chirurgia-siluetei--e1742293126289-150x150.jpg 150w, https:\/\/www.estetis-clinic.ro\/wp-content\/uploads\/2018\/10\/chirurgia-siluetei--e1742293126289-768x768.jpg 768w, https:\/\/www.estetis-clinic.ro\/wp-content\/uploads\/2018\/10\/chirurgia-siluetei--e1742293126289-12x12.jpg 12w\" sizes=\"(max-width: 800px) 100vw, 800px\" \/><\/a><\/div><div class=\"icon-content\"><h4><a href='https:\/\/www.estetis-clinic.ro\/en\/operatie\/chirurgia-siluetei\/' title='' target='_self'>Silhouette surgery<\/a><\/h4><p class=\" translation-block\">Liposuction and abdominoplasty<\/p><\/div><\/div><\/div><\/div><\/div><div class=\"wpb_column vc_column_container vc_col-sm-3\"><div class=\"vc_column-inner\"><div class=\"wpb_wrapper\"><div class='dt-sc-icon-box type10'><div class=\"icon-wrapper\"><a href='https:\/\/www.estetis-clinic.ro\/en\/operatie\/chirurgie-intima-masculina-si-feminina\/' title='' target='_self'><img loading=\"lazy\" decoding=\"async\" width=\"800\" height=\"800\" src=\"https:\/\/www.estetis-clinic.ro\/wp-content\/uploads\/2018\/10\/chirurgie-intima--e1742463172672.jpg\" class=\"attachment-full\" alt=\"Femeie acoperindu-\u0219i zona intim\u0103 cu m\u0103tase roz.\u00a0\" srcset=\"https:\/\/www.estetis-clinic.ro\/wp-content\/uploads\/2018\/10\/chirurgie-intima--e1742463172672.jpg 800w, https:\/\/www.estetis-clinic.ro\/wp-content\/uploads\/2018\/10\/chirurgie-intima--e1742463172672-300x300.jpg 300w, https:\/\/www.estetis-clinic.ro\/wp-content\/uploads\/2018\/10\/chirurgie-intima--e1742463172672-150x150.jpg 150w, https:\/\/www.estetis-clinic.ro\/wp-content\/uploads\/2018\/10\/chirurgie-intima--e1742463172672-768x768.jpg 768w, https:\/\/www.estetis-clinic.ro\/wp-content\/uploads\/2018\/10\/chirurgie-intima--e1742463172672-12x12.jpg 12w\" sizes=\"(max-width: 800px) 100vw, 800px\" \/><\/a><\/div><div class=\"icon-content\"><h4><a href='https:\/\/www.estetis-clinic.ro\/en\/operatie\/chirurgie-intima-masculina-si-feminina\/' title='' target='_self'>Intimate surgery<\/a><\/h4><p>Labiaplasty, vaginoplasty and phalloplasty.<\/p><\/div><\/div><\/div><\/div><\/div><div class=\"wpb_column vc_column_container vc_col-sm-3\"><div class=\"vc_column-inner\"><div class=\"wpb_wrapper\"><div class='dt-sc-icon-box type10'><div class=\"icon-wrapper\"><a href='https:\/\/www.estetis-clinic.ro\/en\/operatie\/chirurgie-reconstructiva\/' title='' target='_self'><img loading=\"lazy\" decoding=\"async\" width=\"800\" height=\"800\" src=\"https:\/\/www.estetis-clinic.ro\/wp-content\/uploads\/2018\/10\/cicatrici-dupa-mastectomie-partiala--e1742291220705.jpg\" class=\"attachment-full\" alt=\"Cicatrice dup\u0103 mastectomie par\u021bial\u0103\" srcset=\"https:\/\/www.estetis-clinic.ro\/wp-content\/uploads\/2018\/10\/cicatrici-dupa-mastectomie-partiala--e1742291220705.jpg 800w, https:\/\/www.estetis-clinic.ro\/wp-content\/uploads\/2018\/10\/cicatrici-dupa-mastectomie-partiala--e1742291220705-300x300.jpg 300w, https:\/\/www.estetis-clinic.ro\/wp-content\/uploads\/2018\/10\/cicatrici-dupa-mastectomie-partiala--e1742291220705-150x150.jpg 150w, https:\/\/www.estetis-clinic.ro\/wp-content\/uploads\/2018\/10\/cicatrici-dupa-mastectomie-partiala--e1742291220705-768x768.jpg 768w, https:\/\/www.estetis-clinic.ro\/wp-content\/uploads\/2018\/10\/cicatrici-dupa-mastectomie-partiala--e1742291220705-12x12.jpg 12w\" sizes=\"(max-width: 800px) 100vw, 800px\" \/><\/a><\/div><div class=\"icon-content\"><h4><a href='https:\/\/www.estetis-clinic.ro\/en\/operatie\/chirurgie-reconstructiva\/' title='' target='_self'>Plastic surgery<\/a><\/h4><p class=\" translation-block\">Restoration of functions or defects resulting from trauma or diseases of various causes including tumours<\/p><\/div><\/div><\/div><\/div><\/div><div class=\"wpb_column vc_column_container vc_col-sm-3\"><div class=\"vc_column-inner\"><div class=\"wpb_wrapper\"><div class='dt-sc-icon-box type10'><div class=\"icon-wrapper\"><a href='https:\/\/www.estetis-clinic.ro\/en\/operatie\/corectarea-ridurilor-marirea-buzelor\/' title='' target='_self'><img loading=\"lazy\" decoding=\"async\" width=\"800\" height=\"800\" src=\"https:\/\/www.estetis-clinic.ro\/wp-content\/uploads\/2018\/10\/corectia-ridurilor-si-marirea-buzelor--e1744088712615.jpg\" class=\"attachment-full\" alt=\"Prim-plan pacient\u0103 \u00een timpul unei proceduri de corec\u021bie a ridurilor din jurul gurii\/ m\u0103rire a buzelor.\u00a0\" srcset=\"https:\/\/www.estetis-clinic.ro\/wp-content\/uploads\/2018\/10\/corectia-ridurilor-si-marirea-buzelor--e1744088712615.jpg 800w, https:\/\/www.estetis-clinic.ro\/wp-content\/uploads\/2018\/10\/corectia-ridurilor-si-marirea-buzelor--e1744088712615-300x300.jpg 300w, https:\/\/www.estetis-clinic.ro\/wp-content\/uploads\/2018\/10\/corectia-ridurilor-si-marirea-buzelor--e1744088712615-150x150.jpg 150w, https:\/\/www.estetis-clinic.ro\/wp-content\/uploads\/2018\/10\/corectia-ridurilor-si-marirea-buzelor--e1744088712615-768x768.jpg 768w, https:\/\/www.estetis-clinic.ro\/wp-content\/uploads\/2018\/10\/corectia-ridurilor-si-marirea-buzelor--e1744088712615-12x12.jpg 12w\" sizes=\"(max-width: 800px) 100vw, 800px\" \/><\/a><\/div><div class=\"icon-content\"><h4><a href='https:\/\/www.estetis-clinic.ro\/en\/operatie\/corectarea-ridurilor-marirea-buzelor\/' title='' target='_self'>Lip augmentation<\/a><\/h4><p>Peels, anti-wrinkle substances, fillets and botox.<\/p><\/div><\/div><\/div><\/div><\/div><\/div><\/div><\/div><\/div><\/div>","protected":false},"excerpt":{"rendered":"RinoplastieEtapele opera\u021biei la nas, beneficii \u0219i pre\u021buri. Opera\u021bii estetice la nas, simetrizare, devia\u021bie de sept, sub\u021bierea \u0219i mic\u0219orarea nasului.M\u0103rire s\u00e2niM\u0103rirea s\u00e2nilor cu implant mamar prin axil\u0103 (pe sub bra\u021b - f\u0103r\u0103 cicatrici la s\u00e2ni) sau prin \u0219an\u021bul submamar.Ridicare s\u00e2niLifting mamar (mastopexie), cu mic\u0219orare sau m\u0103rire s\u00e2ni. Reconstruc\u021bia s\u00e2nilor prea mari, ptoze, simetrizare, s\u00e2n tuberos.Mic\u0219orare s\u00e2niReduc\u021bia [...]","protected":false},"author":1,"featured_media":0,"parent":0,"menu_order":0,"comment_status":"closed","ping_status":"closed","template":"","meta":{"_lmt_disableupdate":"no","_lmt_disable":"","footnotes":""},"class_list":["post-8081","page","type-page","status-publish","hentry"],"_links":{"self":[{"href":"https:\/\/www.estetis-clinic.ro\/en\/wp-json\/wp\/v2\/pages\/8081"}],"collection":[{"href":"https:\/\/www.estetis-clinic.ro\/en\/wp-json\/wp\/v2\/pages"}],"about":[{"href":"https:\/\/www.estetis-clinic.ro\/en\/wp-json\/wp\/v2\/types\/page"}],"author":[{"embeddable":true,"href":"https:\/\/www.estetis-clinic.ro\/en\/wp-json\/wp\/v2\/users\/1"}],"replies":[{"embeddable":true,"href":"https:\/\/www.estetis-clinic.ro\/en\/wp-json\/wp\/v2\/comments?post=8081"}],"version-history":[{"count":13,"href":"https:\/\/www.estetis-clinic.ro\/en\/wp-json\/wp\/v2\/pages\/8081\/revisions"}],"predecessor-version":[{"id":15992,"href":"https:\/\/www.estetis-clinic.ro\/en\/wp-json\/wp\/v2\/pages\/8081\/revisions\/15992"}],"wp:attachment":[{"href":"https:\/\/www.estetis-clinic.ro\/en\/wp-json\/wp\/v2\/media?parent=8081"}],"curies":[{"name":"wp","href":"https:\/\/api.w.org\/{rel}","templated":true}]}}